{"id":1012,"date":"2019-10-13T17:22:19","date_gmt":"2019-10-13T17:22:19","guid":{"rendered":"https:\/\/wavsolution.com\/?page_id=1012"},"modified":"2019-12-01T03:39:25","modified_gmt":"2019-12-01T03:39:25","slug":"controleurs-de-facteur-de-puissance-kvar","status":"publish","type":"page","link":"https:\/\/wavsolution.com\/en\/controleurs-de-facteur-de-puissance-kvar\/","title":{"rendered":"Contr\u00f4leurs de facteur de puissance &#8211; KVAR"},"content":{"rendered":"\t\t<div data-elementor-type=\"wp-post\" data-elementor-id=\"1012\" class=\"elementor elementor-1012\" data-elementor-post-type=\"page\">\n\t\t\t\t\t\t<section class=\"elementor-section elementor-top-section elementor-element elementor-element-7fcf417 elementor-section-height-min-height elementor-section-boxed elementor-section-height-default elementor-section-items-middle\" data-id=\"7fcf417\" data-element_type=\"section\" data-e-type=\"section\" data-settings=\"{&quot;background_background&quot;:&quot;classic&quot;,&quot;sticky&quot;:&quot;top&quot;,&quot;sticky_on&quot;:[&quot;desktop&quot;,&quot;tablet&quot;,&quot;mobile&quot;],&quot;sticky_offset&quot;:0,&quot;sticky_effects_offset&quot;:0,&quot;sticky_anchor_link_offset&quot;:0}\">\n\t\t\t\t\t\t<div class=\"elementor-container elementor-column-gap-default\">\n\t\t\t\t\t<div class=\"elementor-column elementor-col-50 elementor-top-column elementor-element elementor-element-005a50c\" data-id=\"005a50c\" data-element_type=\"column\" data-e-type=\"column\">\n\t\t\t<div class=\"elementor-widget-wrap elementor-element-populated\">\n\t\t\t\t\t\t<div class=\"elementor-element elementor-element-9f71dbc elementor-widget elementor-widget-image\" data-id=\"9f71dbc\" data-element_type=\"widget\" data-e-type=\"widget\" data-widget_type=\"image.default\">\n\t\t\t\t<div class=\"elementor-widget-container\">\n\t\t\t\t\t\t\t\t\t\t\t\t\t\t\t\t<a href=\"https:\/\/wavsolution.com\/en\">\n\t\t\t\t\t\t\t<img fetchpriority=\"high\" decoding=\"async\" width=\"637\" height=\"253\" src=\"https:\/\/wavsolution.com\/wp-content\/uploads\/2019\/10\/WAVSolution-logo-base.png\" class=\"attachment-full size-full wp-image-647\" alt=\"\" srcset=\"https:\/\/wavsolution.com\/wp-content\/uploads\/2019\/10\/WAVSolution-logo-base.png 637w, https:\/\/wavsolution.com\/wp-content\/uploads\/2019\/10\/WAVSolution-logo-base-600x238.png 600w, https:\/\/wavsolution.com\/wp-content\/uploads\/2019\/10\/WAVSolution-logo-base-300x119.png 300w\" sizes=\"(max-width: 637px) 100vw, 637px\" \/>\t\t\t\t\t\t\t\t<\/a>\n\t\t\t\t\t\t\t\t\t\t\t\t\t\t\t<\/div>\n\t\t\t\t<\/div>\n\t\t\t\t\t<\/div>\n\t\t<\/div>\n\t\t\t\t<div class=\"elementor-column elementor-col-50 elementor-top-column elementor-element elementor-element-b114a85\" data-id=\"b114a85\" data-element_type=\"column\" data-e-type=\"column\">\n\t\t\t<div class=\"elementor-widget-wrap elementor-element-populated\">\n\t\t\t\t\t\t<div class=\"elementor-element elementor-element-2b2f080 elementor-nav-menu__align-end elementor-nav-menu--stretch elementor-nav-menu__text-align-center elementor-nav-menu--dropdown-tablet elementor-nav-menu--toggle elementor-nav-menu--burger elementor-widget elementor-widget-nav-menu\" data-id=\"2b2f080\" data-element_type=\"widget\" data-e-type=\"widget\" data-settings=\"{&quot;full_width&quot;:&quot;stretch&quot;,&quot;submenu_icon&quot;:{&quot;value&quot;:&quot;&lt;i class=\\&quot;fas fa-chevron-down\\&quot; aria-hidden=\\&quot;true\\&quot;&gt;&lt;\\\/i&gt;&quot;,&quot;library&quot;:&quot;fa-solid&quot;},&quot;layout&quot;:&quot;horizontal&quot;,&quot;toggle&quot;:&quot;burger&quot;}\" data-widget_type=\"nav-menu.default\">\n\t\t\t\t<div class=\"elementor-widget-container\">\n\t\t\t\t\t\t\t\t<nav aria-label=\"Menu\" class=\"elementor-nav-menu--main elementor-nav-menu__container elementor-nav-menu--layout-horizontal e--pointer-underline e--animation-drop-out\">\n\t\t\t\t<ul id=\"menu-1-2b2f080\" class=\"elementor-nav-menu\"><li class=\"menu-item menu-item-type-post_type menu-item-object-page menu-item-1604\"><a href=\"https:\/\/wavsolution.com\/en\/about\/\" class=\"elementor-item menu-link\">About<\/a><\/li>\n<li class=\"menu-item menu-item-type-post_type menu-item-object-page menu-item-1603\"><a href=\"https:\/\/wavsolution.com\/en\/products\/\" class=\"elementor-item menu-link\">Products<\/a><\/li>\n<li class=\"menu-item menu-item-type-post_type menu-item-object-page menu-item-1602\"><a href=\"https:\/\/wavsolution.com\/en\/submission\/\" class=\"elementor-item menu-link\">Submission<\/a><\/li>\n<li class=\"menu-item menu-item-type-post_type menu-item-object-page menu-item-1601\"><a href=\"https:\/\/wavsolution.com\/en\/news\/\" class=\"elementor-item menu-link\">News<\/a><\/li>\n<li class=\"menu-item menu-item-type-post_type menu-item-object-page menu-item-1600\"><a href=\"https:\/\/wavsolution.com\/en\/opportunity\/\" class=\"elementor-item menu-link\">Opportunity<\/a><\/li>\n<li class=\"menu-item menu-item-type-post_type menu-item-object-page menu-item-1599\"><a href=\"https:\/\/wavsolution.com\/en\/contact-us\/\" class=\"elementor-item menu-link\">Contact Us<\/a><\/li>\n<li class=\"menu-item menu-item-type-custom menu-item-object-custom menu-item-1690\"><a href=\"http:\/\/wavsolution.com\/\" class=\"elementor-item menu-link\"><img decoding=\"async\" src=\"https:\/\/wavsolution.com\/wp-content\/plugins\/translatepress-multilingual\/assets\/images\/flags\/fr_CA.png\"><\/a><\/li>\n<\/ul>\t\t\t<\/nav>\n\t\t\t\t\t<div class=\"elementor-menu-toggle\" role=\"button\" tabindex=\"0\" aria-label=\"Menu Toggle\" aria-expanded=\"false\">\n\t\t\t<i aria-hidden=\"true\" role=\"presentation\" class=\"elementor-menu-toggle__icon--open eicon-menu-bar\"><\/i><i aria-hidden=\"true\" role=\"presentation\" class=\"elementor-menu-toggle__icon--close eicon-close\"><\/i>\t\t<\/div>\n\t\t\t\t\t<nav class=\"elementor-nav-menu--dropdown elementor-nav-menu__container\" aria-hidden=\"true\">\n\t\t\t\t<ul id=\"menu-2-2b2f080\" class=\"elementor-nav-menu\"><li class=\"menu-item menu-item-type-post_type menu-item-object-page menu-item-1604\"><a href=\"https:\/\/wavsolution.com\/en\/about\/\" class=\"elementor-item menu-link\" tabindex=\"-1\">About<\/a><\/li>\n<li class=\"menu-item menu-item-type-post_type menu-item-object-page menu-item-1603\"><a href=\"https:\/\/wavsolution.com\/en\/products\/\" class=\"elementor-item menu-link\" tabindex=\"-1\">Products<\/a><\/li>\n<li class=\"menu-item menu-item-type-post_type menu-item-object-page menu-item-1602\"><a href=\"https:\/\/wavsolution.com\/en\/submission\/\" class=\"elementor-item menu-link\" tabindex=\"-1\">Submission<\/a><\/li>\n<li class=\"menu-item menu-item-type-post_type menu-item-object-page menu-item-1601\"><a href=\"https:\/\/wavsolution.com\/en\/news\/\" class=\"elementor-item menu-link\" tabindex=\"-1\">News<\/a><\/li>\n<li class=\"menu-item menu-item-type-post_type menu-item-object-page menu-item-1600\"><a href=\"https:\/\/wavsolution.com\/en\/opportunity\/\" class=\"elementor-item menu-link\" tabindex=\"-1\">Opportunity<\/a><\/li>\n<li class=\"menu-item menu-item-type-post_type menu-item-object-page menu-item-1599\"><a href=\"https:\/\/wavsolution.com\/en\/contact-us\/\" class=\"elementor-item menu-link\" tabindex=\"-1\">Contact Us<\/a><\/li>\n<li class=\"menu-item menu-item-type-custom menu-item-object-custom menu-item-1690\"><a href=\"http:\/\/wavsolution.com\/\" class=\"elementor-item menu-link\" tabindex=\"-1\"><img decoding=\"async\" src=\"https:\/\/wavsolution.com\/wp-content\/plugins\/translatepress-multilingual\/assets\/images\/flags\/fr_CA.png\"><\/a><\/li>\n<\/ul>\t\t\t<\/nav>\n\t\t\t\t\t\t<\/div>\n\t\t\t\t<\/div>\n\t\t\t\t\t<\/div>\n\t\t<\/div>\n\t\t\t\t\t<\/div>\n\t\t<\/section>\n\t\t\t\t<section class=\"elementor-section elementor-top-section elementor-element elementor-element-4c24b9f elementor-section-boxed elementor-section-height-default elementor-section-height-default\" data-id=\"4c24b9f\" data-element_type=\"section\" data-e-type=\"section\" data-settings=\"{&quot;background_background&quot;:&quot;classic&quot;}\">\n\t\t\t\t\t\t<div class=\"elementor-container elementor-column-gap-wide\">\n\t\t\t\t\t<div class=\"elementor-column elementor-col-50 elementor-top-column elementor-element elementor-element-6b046d9\" data-id=\"6b046d9\" data-element_type=\"column\" data-e-type=\"column\">\n\t\t\t<div class=\"elementor-widget-wrap elementor-element-populated\">\n\t\t\t\t\t\t<div class=\"elementor-element elementor-element-af0b938 elementor-widget elementor-widget-image\" data-id=\"af0b938\" data-element_type=\"widget\" data-e-type=\"widget\" data-widget_type=\"image.default\">\n\t\t\t\t<div class=\"elementor-widget-container\">\n\t\t\t\t\t\t\t\t\t\t\t\t\t\t\t<img decoding=\"async\" width=\"1920\" height=\"1080\" src=\"https:\/\/wavsolution.com\/wp-content\/uploads\/2019\/10\/Sans-titre-17-min.jpg\" class=\"attachment-full size-full wp-image-949\" alt=\"\" srcset=\"https:\/\/wavsolution.com\/wp-content\/uploads\/2019\/10\/Sans-titre-17-min.jpg 1920w, https:\/\/wavsolution.com\/wp-content\/uploads\/2019\/10\/Sans-titre-17-min-600x338.jpg 600w, https:\/\/wavsolution.com\/wp-content\/uploads\/2019\/10\/Sans-titre-17-min-300x169.jpg 300w, https:\/\/wavsolution.com\/wp-content\/uploads\/2019\/10\/Sans-titre-17-min-768x432.jpg 768w, https:\/\/wavsolution.com\/wp-content\/uploads\/2019\/10\/Sans-titre-17-min-1024x576.jpg 1024w\" sizes=\"(max-width: 1920px) 100vw, 1920px\" \/>\t\t\t\t\t\t\t\t\t\t\t\t\t\t\t<\/div>\n\t\t\t\t<\/div>\n\t\t\t\t<div class=\"elementor-element elementor-element-53540ba elementor-widget elementor-widget-image-gallery\" data-id=\"53540ba\" data-element_type=\"widget\" data-e-type=\"widget\" data-widget_type=\"image-gallery.default\">\n\t\t\t\t<div class=\"elementor-widget-container\">\n\t\t\t\t\t\t\t<div class=\"elementor-image-gallery\">\n\t\t\t<div id='gallery-1' class='gallery galleryid-1012 gallery-columns-4 gallery-size-thumbnail'><figure class='gallery-item'>\n\t\t\t<div class='gallery-icon landscape'>\n\t\t\t\t<a data-elementor-open-lightbox=\"yes\" data-elementor-lightbox-slideshow=\"53540ba\" data-elementor-lightbox-title=\"4-\u00c0 mettre sur la photo de contr\u00f4leurs de facteur de puissance-min\" data-e-action-hash=\"#elementor-action%3Aaction%3Dlightbox%26settings%3DeyJpZCI6MTEwNywidXJsIjoiaHR0cHM6XC9cL3dhdnNvbHV0aW9uLmNvbVwvd3AtY29udGVudFwvdXBsb2Fkc1wvMjAxOVwvMTBcLzQtXHUwMGMwLW1ldHRyZS1zdXItbGEtcGhvdG8tZGUtY29udHJcdTAwZjRsZXVycy1kZS1mYWN0ZXVyLWRlLXB1aXNzYW5jZS1taW4uanBnIiwic2xpZGVzaG93IjoiNTM1NDBiYSJ9\" href='https:\/\/wavsolution.com\/wp-content\/uploads\/2019\/10\/4-\u00c0-mettre-sur-la-photo-de-contr\u00f4leurs-de-facteur-de-puissance-min.jpg'><img decoding=\"async\" width=\"150\" height=\"150\" src=\"https:\/\/wavsolution.com\/wp-content\/uploads\/2019\/10\/4-\u00c0-mettre-sur-la-photo-de-contr\u00f4leurs-de-facteur-de-puissance-min-150x150.jpg\" class=\"attachment-thumbnail size-thumbnail\" alt=\"\" srcset=\"https:\/\/wavsolution.com\/wp-content\/uploads\/2019\/10\/4-\u00c0-mettre-sur-la-photo-de-contr\u00f4leurs-de-facteur-de-puissance-min-150x150.jpg 150w, https:\/\/wavsolution.com\/wp-content\/uploads\/2019\/10\/4-\u00c0-mettre-sur-la-photo-de-contr\u00f4leurs-de-facteur-de-puissance-min-100x100.jpg 100w\" sizes=\"(max-width: 150px) 100vw, 150px\" \/><\/a>\n\t\t\t<\/div><\/figure><figure class='gallery-item'>\n\t\t\t<div class='gallery-icon landscape'>\n\t\t\t\t<a data-elementor-open-lightbox=\"yes\" data-elementor-lightbox-slideshow=\"53540ba\" data-elementor-lightbox-title=\"kvar-c3-min\" data-e-action-hash=\"#elementor-action%3Aaction%3Dlightbox%26settings%3DeyJpZCI6MTEwOCwidXJsIjoiaHR0cHM6XC9cL3dhdnNvbHV0aW9uLmNvbVwvd3AtY29udGVudFwvdXBsb2Fkc1wvMjAxOVwvMTBcL2t2YXItYzMtbWluLmpwZyIsInNsaWRlc2hvdyI6IjUzNTQwYmEifQ%3D%3D\" href='https:\/\/wavsolution.com\/wp-content\/uploads\/2019\/10\/kvar-c3-min.jpg'><img loading=\"lazy\" decoding=\"async\" width=\"150\" height=\"150\" src=\"https:\/\/wavsolution.com\/wp-content\/uploads\/2019\/10\/kvar-c3-min-150x150.jpg\" class=\"attachment-thumbnail size-thumbnail\" alt=\"\" srcset=\"https:\/\/wavsolution.com\/wp-content\/uploads\/2019\/10\/kvar-c3-min-150x150.jpg 150w, https:\/\/wavsolution.com\/wp-content\/uploads\/2019\/10\/kvar-c3-min-300x300.jpg 300w, https:\/\/wavsolution.com\/wp-content\/uploads\/2019\/10\/kvar-c3-min-100x100.jpg 100w\" sizes=\"(max-width: 150px) 100vw, 150px\" \/><\/a>\n\t\t\t<\/div><\/figure><figure class='gallery-item'>\n\t\t\t<div class='gallery-icon landscape'>\n\t\t\t\t<a data-elementor-open-lightbox=\"yes\" data-elementor-lightbox-slideshow=\"53540ba\" data-elementor-lightbox-title=\"kvar-c1-min\" data-e-action-hash=\"#elementor-action%3Aaction%3Dlightbox%26settings%3DeyJpZCI6MTExMCwidXJsIjoiaHR0cHM6XC9cL3dhdnNvbHV0aW9uLmNvbVwvd3AtY29udGVudFwvdXBsb2Fkc1wvMjAxOVwvMTBcL2t2YXItYzEtbWluLmpwZyIsInNsaWRlc2hvdyI6IjUzNTQwYmEifQ%3D%3D\" href='https:\/\/wavsolution.com\/wp-content\/uploads\/2019\/10\/kvar-c1-min.jpg'><img loading=\"lazy\" decoding=\"async\" width=\"150\" height=\"150\" src=\"https:\/\/wavsolution.com\/wp-content\/uploads\/2019\/10\/kvar-c1-min-150x150.jpg\" class=\"attachment-thumbnail size-thumbnail\" alt=\"\" srcset=\"https:\/\/wavsolution.com\/wp-content\/uploads\/2019\/10\/kvar-c1-min-150x150.jpg 150w, https:\/\/wavsolution.com\/wp-content\/uploads\/2019\/10\/kvar-c1-min-300x300.jpg 300w, https:\/\/wavsolution.com\/wp-content\/uploads\/2019\/10\/kvar-c1-min-100x100.jpg 100w\" sizes=\"(max-width: 150px) 100vw, 150px\" \/><\/a>\n\t\t\t<\/div><\/figure><figure class='gallery-item'>\n\t\t\t<div class='gallery-icon landscape'>\n\t\t\t\t<a data-elementor-open-lightbox=\"yes\" data-elementor-lightbox-slideshow=\"53540ba\" data-elementor-lightbox-title=\"kvar-c4-min\" data-e-action-hash=\"#elementor-action%3Aaction%3Dlightbox%26settings%3DeyJpZCI6MTEwOSwidXJsIjoiaHR0cHM6XC9cL3dhdnNvbHV0aW9uLmNvbVwvd3AtY29udGVudFwvdXBsb2Fkc1wvMjAxOVwvMTBcL2t2YXItYzQtbWluLmpwZyIsInNsaWRlc2hvdyI6IjUzNTQwYmEifQ%3D%3D\" href='https:\/\/wavsolution.com\/wp-content\/uploads\/2019\/10\/kvar-c4-min.jpg'><img loading=\"lazy\" decoding=\"async\" width=\"150\" height=\"150\" src=\"https:\/\/wavsolution.com\/wp-content\/uploads\/2019\/10\/kvar-c4-min-150x150.jpg\" class=\"attachment-thumbnail size-thumbnail\" alt=\"\" srcset=\"https:\/\/wavsolution.com\/wp-content\/uploads\/2019\/10\/kvar-c4-min-150x150.jpg 150w, https:\/\/wavsolution.com\/wp-content\/uploads\/2019\/10\/kvar-c4-min-300x300.jpg 300w, https:\/\/wavsolution.com\/wp-content\/uploads\/2019\/10\/kvar-c4-min-100x100.jpg 100w\" sizes=\"(max-width: 150px) 100vw, 150px\" \/><\/a>\n\t\t\t<\/div><\/figure>\n\t\t<\/div>\n\t\t<\/div>\n\t\t\t\t\t\t<\/div>\n\t\t\t\t<\/div>\n\t\t\t\t\t<\/div>\n\t\t<\/div>\n\t\t\t\t<div class=\"elementor-column elementor-col-50 elementor-top-column elementor-element elementor-element-de56b4f\" data-id=\"de56b4f\" data-element_type=\"column\" data-e-type=\"column\">\n\t\t\t<div class=\"elementor-widget-wrap elementor-element-populated\">\n\t\t\t\t\t\t<div class=\"elementor-element elementor-element-4261cad elementor-widget elementor-widget-heading\" data-id=\"4261cad\" data-element_type=\"widget\" data-e-type=\"widget\" data-widget_type=\"heading.default\">\n\t\t\t\t<div class=\"elementor-widget-container\">\n\t\t\t\t\t<h2 class=\"elementor-heading-title elementor-size-default\">Contr\u00f4leurs de facteur de puissance - KVAR                                 <\/h2>\t\t\t\t<\/div>\n\t\t\t\t<\/div>\n\t\t\t\t<div class=\"elementor-element elementor-element-9e95c6b elementor-widget elementor-widget-text-editor\" data-id=\"9e95c6b\" data-element_type=\"widget\" data-e-type=\"widget\" data-widget_type=\"text-editor.default\">\n\t\t\t\t<div class=\"elementor-widget-container\">\n\t\t\t\t\t\t\t\t\t<div class=\"elementor-element elementor-element-aba66ad elementor-widget elementor-widget-text-editor\" data-id=\"aba66ad\" data-element_type=\"widget\" data-widget_type=\"text-editor.default\"><div class=\"elementor-widget-container\"><div class=\"elementor-text-editor elementor-clearfix\"><p>Le facteur de puissance est une mesure de l\u2019efficacit\u00e9 avec laquelle un syst\u00e8me \u00e9lectrique convertit le courant \u00e9lectrique, fourni par le fournisseur d\u2019\u00e9lectricit\u00e9, en une puissance utile. Nos contr\u00f4leurs kVAR optimisent le facteur de puissance pour r\u00e9duire la consommation d\u2019\u00e9nergie (kWh), la demande de charge \u00e9lectrique (kVA) et la composante de puissance r\u00e9active (kVAR).\u00a0<\/p><h5><strong>6% \u00e0 25% d&rsquo;\u00e9conomie d&rsquo;\u00e9nergie<\/strong><\/h5><\/div><\/div><\/div>\t\t\t\t\t\t\t\t<\/div>\n\t\t\t\t<\/div>\n\t\t\t\t<div class=\"elementor-element elementor-element-7e1325d elementor-widget elementor-widget-heading\" data-id=\"7e1325d\" data-element_type=\"widget\" data-e-type=\"widget\" data-widget_type=\"heading.default\">\n\t\t\t\t<div class=\"elementor-widget-container\">\n\t\t\t\t\t<h2 class=\"elementor-heading-title elementor-size-default\">Les prix varient de 700$ \u00e0 5 000$ \/ unit\u00e9       <\/h2>\t\t\t\t<\/div>\n\t\t\t\t<\/div>\n\t\t\t\t<div class=\"elementor-element elementor-element-4aeb7c6 elementor-widget elementor-widget-spacer\" data-id=\"4aeb7c6\" data-element_type=\"widget\" data-e-type=\"widget\" data-widget_type=\"spacer.default\">\n\t\t\t\t<div class=\"elementor-widget-container\">\n\t\t\t\t\t\t\t<div class=\"elementor-spacer\">\n\t\t\t<div class=\"elementor-spacer-inner\"><\/div>\n\t\t<\/div>\n\t\t\t\t\t\t<\/div>\n\t\t\t\t<\/div>\n\t\t\t\t<div class=\"elementor-element elementor-element-c963712 elementor-align-left elementor-widget elementor-widget-button\" data-id=\"c963712\" data-element_type=\"widget\" data-e-type=\"widget\" data-widget_type=\"button.default\">\n\t\t\t\t<div class=\"elementor-widget-container\">\n\t\t\t\t\t\t\t\t\t<div class=\"elementor-button-wrapper\">\n\t\t\t\t\t<a class=\"elementor-button elementor-button-link elementor-size-sm\" href=\"https:\/\/wavsolution.com\/contact\/\">\n\t\t\t\t\t\t<span class=\"elementor-button-content-wrapper\">\n\t\t\t\t\t\t<span class=\"elementor-button-icon\">\n\t\t\t\t<i aria-hidden=\"true\" class=\"fas fa-angle-double-right\"><\/i>\t\t\t<\/span>\n\t\t\t\t\t\t\t\t\t<span class=\"elementor-button-text\">Pour plus d\u2019informations sur les prix, veuillez nous contacter                        <\/span>\n\t\t\t\t\t<\/span>\n\t\t\t\t\t<\/a>\n\t\t\t\t<\/div>\n\t\t\t\t\t\t\t\t<\/div>\n\t\t\t\t<\/div>\n\t\t\t\t\t<\/div>\n\t\t<\/div>\n\t\t\t\t\t<\/div>\n\t\t<\/section>\n\t\t\t\t<section class=\"elementor-section elementor-top-section elementor-element elementor-element-f355ede elementor-section-content-middle elementor-section-boxed elementor-section-height-default elementor-section-height-default\" data-id=\"f355ede\" data-element_type=\"section\" data-e-type=\"section\" data-settings=\"{&quot;background_background&quot;:&quot;classic&quot;}\">\n\t\t\t\t\t\t\t<div class=\"elementor-background-overlay\"><\/div>\n\t\t\t\t\t\t\t<div class=\"elementor-container elementor-column-gap-no\">\n\t\t\t\t\t<div class=\"elementor-column elementor-col-66 elementor-top-column elementor-element elementor-element-5008a99\" data-id=\"5008a99\" data-element_type=\"column\" data-e-type=\"column\">\n\t\t\t<div class=\"elementor-widget-wrap elementor-element-populated\">\n\t\t\t\t\t\t<div class=\"elementor-element elementor-element-a9eca01 elementor-widget elementor-widget-heading\" data-id=\"a9eca01\" data-element_type=\"widget\" data-e-type=\"widget\" data-widget_type=\"heading.default\">\n\t\t\t\t<div class=\"elementor-widget-container\">\n\t\t\t\t\t<h2 class=\"elementor-heading-title elementor-size-default\">Faites confiance \u00e0 une \u00e9quipe qualifi\u00e9e et aux meilleures technologies du march\u00e9 ! \n<\/h2>\t\t\t\t<\/div>\n\t\t\t\t<\/div>\n\t\t\t\t<div class=\"elementor-element elementor-element-f351d41 elementor-widget elementor-widget-spacer\" data-id=\"f351d41\" data-element_type=\"widget\" data-e-type=\"widget\" data-widget_type=\"spacer.default\">\n\t\t\t\t<div class=\"elementor-widget-container\">\n\t\t\t\t\t\t\t<div class=\"elementor-spacer\">\n\t\t\t<div class=\"elementor-spacer-inner\"><\/div>\n\t\t<\/div>\n\t\t\t\t\t\t<\/div>\n\t\t\t\t<\/div>\n\t\t\t\t<div class=\"elementor-element elementor-element-a9fbafe elementor-align-left elementor-widget elementor-widget-button\" data-id=\"a9fbafe\" data-element_type=\"widget\" data-e-type=\"widget\" data-widget_type=\"button.default\">\n\t\t\t\t<div class=\"elementor-widget-container\">\n\t\t\t\t\t\t\t\t\t<div class=\"elementor-button-wrapper\">\n\t\t\t\t\t<a class=\"elementor-button elementor-button-link elementor-size-md\" href=\"https:\/\/wavsolution.com\/contact\/\">\n\t\t\t\t\t\t<span class=\"elementor-button-content-wrapper\">\n\t\t\t\t\t\t\t\t\t<span class=\"elementor-button-text\">Contactez-Nous<\/span>\n\t\t\t\t\t<\/span>\n\t\t\t\t\t<\/a>\n\t\t\t\t<\/div>\n\t\t\t\t\t\t\t\t<\/div>\n\t\t\t\t<\/div>\n\t\t\t\t\t<\/div>\n\t\t<\/div>\n\t\t\t\t<div class=\"elementor-column elementor-col-33 elementor-top-column elementor-element elementor-element-90cfd79\" data-id=\"90cfd79\" data-element_type=\"column\" data-e-type=\"column\">\n\t\t\t<div class=\"elementor-widget-wrap\">\n\t\t\t\t\t\t\t<\/div>\n\t\t<\/div>\n\t\t\t\t\t<\/div>\n\t\t<\/section>\n\t\t\t\t<\/div>\n\t\t","protected":false},"excerpt":{"rendered":"<p>Contr\u00f4leurs de facteur de puissance &#8211; KVAR Le facteur de puissance est une mesure de l\u2019efficacit\u00e9 avec laquelle un syst\u00e8me \u00e9lectrique convertit le courant \u00e9lectrique, fourni par le fournisseur d\u2019\u00e9lectricit\u00e9, en une puissance utile. Nos contr\u00f4leurs kVAR optimisent le facteur de puissance pour r\u00e9duire la consommation d\u2019\u00e9nergie (kWh), la demande de charge \u00e9lectrique (kVA) et &hellip;<\/p>\n<p class=\"read-more\"> <a class=\"\" href=\"https:\/\/wavsolution.com\/en\/controleurs-de-facteur-de-puissance-kvar\/\"> <span class=\"screen-reader-text\">Contr\u00f4leurs de facteur de puissance &#8211; KVAR<\/span> Read More &raquo;<\/a><\/p>","protected":false},"author":10,"featured_media":0,"parent":0,"menu_order":0,"comment_status":"closed","ping_status":"open","template":"","meta":{"site-sidebar-layout":"default","site-content-layout":"page-builder","ast-global-header-display":"","ast-main-header-display":"","ast-hfb-above-header-display":"","ast-hfb-below-header-display":"","ast-hfb-mobile-header-display":"","site-post-title":"disabled","ast-breadcrumbs-content":"","ast-featured-img":"disabled","footer-sml-layout":"","theme-transparent-header-meta":"enabled","adv-header-id-meta":"","stick-header-meta":"","header-above-stick-meta":"","header-main-stick-meta":"","header-below-stick-meta":"","footnotes":""},"class_list":["post-1012","page","type-page","status-publish","hentry"],"_links":{"self":[{"href":"https:\/\/wavsolution.com\/en\/wp-json\/wp\/v2\/pages\/1012","targetHints":{"allow":["GET"]}}],"collection":[{"href":"https:\/\/wavsolution.com\/en\/wp-json\/wp\/v2\/pages"}],"about":[{"href":"https:\/\/wavsolution.com\/en\/wp-json\/wp\/v2\/types\/page"}],"author":[{"embeddable":true,"href":"https:\/\/wavsolution.com\/en\/wp-json\/wp\/v2\/users\/10"}],"replies":[{"embeddable":true,"href":"https:\/\/wavsolution.com\/en\/wp-json\/wp\/v2\/comments?post=1012"}],"version-history":[{"count":5,"href":"https:\/\/wavsolution.com\/en\/wp-json\/wp\/v2\/pages\/1012\/revisions"}],"predecessor-version":[{"id":1640,"href":"https:\/\/wavsolution.com\/en\/wp-json\/wp\/v2\/pages\/1012\/revisions\/1640"}],"wp:attachment":[{"href":"https:\/\/wavsolution.com\/en\/wp-json\/wp\/v2\/media?parent=1012"}],"curies":[{"name":"wp","href":"https:\/\/api.w.org\/{rel}","templated":true}]}}